{"id":21315,"date":"2022-10-12T19:51:00","date_gmt":"2022-10-12T23:51:00","guid":{"rendered":"https:\/\/ga-oh.com\/return-policy\/"},"modified":"2025-04-02T14:37:49","modified_gmt":"2025-04-02T18:37:49","slug":"return-policy","status":"publish","type":"page","link":"https:\/\/ga-oh.com\/en\/return-policy\/","title":{"rendered":"Return Policy"},"content":{"rendered":"<div class=\"fusion-fullwidth fullwidth-box fusion-builder-row-1 fusion-flex-container nonhundred-percent-fullwidth non-hundred-percent-height-scrolling\" style=\"--awb-border-radius-top-left:0px;--awb-border-radius-top-right:0px;--awb-border-radius-bottom-right:0px;--awb-border-radius-bottom-left:0px;--awb-flex-wrap:wrap;\" ><div class=\"fusion-builder-row fusion-row fusion-flex-align-items-flex-start fusion-flex-content-wrap\" style=\"max-width:1248px;margin-left: calc(-4% \/ 2 );margin-right: calc(-4% \/ 2 );\"><div class=\"fusion-layout-column fusion_builder_column fusion-builder-column-0 fusion_builder_column_1_1 1_1 fusion-flex-column\" style=\"--awb-bg-blend:overlay;--awb-bg-size:cover;--awb-width-large:100%;--awb-margin-top-large:0px;--awb-spacing-right-large:1.92%;--awb-margin-bottom-large:0px;--awb-spacing-left-large:1.92%;--awb-width-medium:100%;--awb-spacing-right-medium:1.92%;--awb-spacing-left-medium:1.92%;--awb-width-small:100%;--awb-spacing-right-small:1.92%;--awb-spacing-left-small:1.92%;\"><div class=\"fusion-column-wrapper fusion-flex-justify-content-flex-start fusion-content-layout-column\"><div class=\"fusion-section-separator section-separator waves fusion-section-separator-1\" style=\"--awb-spacer-padding-top:inherit;--awb-svg-margin-left:1.92%;--awb-svg-margin-right:1.92%;--awb-svg-margin-left-medium:1.92%;--awb-svg-margin-right-medium:1.92%;--awb-svg-margin-left-small:1.92%;--awb-svg-margin-right-small:1.92%;--awb-divider-height:50px;--awb-spacer-height:50px;--awb-sep-font-size:0;--awb-sep-line-height:0;\"><div class=\"fusion-section-separator-svg\"><svg class=\"fusion-waves-candy\" xmlns=\"http:\/\/www.w3.org\/2000\/svg\" version=\"1.1\" width=\"100%\" viewBox=\"0 54 1024 162\" preserveAspectRatio=\"none\" fill=\"rgba(226,226,226,1)\"><path class=\"st3\" d=\"M0 216.312h1024v-3.044c-50.8-17.1-108.7-30.7-172.7-37.9-178.6-19.8-220 36.8-404.9 21.3-206.6-17.2-228-126.5-434.5-141.6-3.9-.3-7.9-.5-11.9-.7v161.944z\"\/><\/svg><\/div><div class=\"fusion-section-separator-spacer\"><div class=\"fusion-section-separator-spacer-height\"><\/div><\/div><\/div><div class=\"fusion-text fusion-text-1\" style=\"--awb-text-transform:none;\"><p>Chaque pi\u00e8ce est unique. Vous achetez ce que vous voyez sur les photos. Nous apportons tout le soin n\u00e9cessaire au nettoyage et \u00e0 la confection de chaque produit. Nous croyons que vous m\u00e9ritez un produit de qualit\u00e9 m\u00eame si nous utilisons des mat\u00e9riaux recycl\u00e9s, Les marques du temps font partie de l\u2019usure normale des voiles utilis\u00e9es pour confectionner les produits Ga-Oh. Il est possible que vous trouviez des traces de rouille ou autres sur les tissus. Merci de prendre le temps d\u2019examiner votre achat \u00e0 la livraison et nous contacter en cas d\u2019insatisfaction.<\/p>\n<p>La confection est garantie pour la dur\u00e9e de vie normale de chaque produit.<\/p>\n<p><strong>Politique de retours:<\/strong><\/p>\n<p>Nous acceptons les retours dans les 10 jours ouvrables suivant la date de livraison. <strong>Veuillez nous contacter:\u00a0 info@ga-oh.com<\/strong><\/p>\n<p>L&#8217;article doit \u00eatre dans son \u00e9tat d&#8217;origine et non utilis\u00e9, les frais de port de retour sont \u00e0 la charge des acheteurs.<\/p>\n<p>\u00c9tant donn\u00e9e la nature de ces articles uniques, \u00e0 moins qu&#8217;ils n&#8217;arrivent endommag\u00e9s ou d\u00e9fectueux, les retours ne sont pas accept\u00e9s pour :<\/p>\n<ul>\n<li>commande personnalis\u00e9e ou sur mesure<\/li>\n<\/ul>\n<p>Veuillez retourner l&#8217;article \u00e0 l&#8217;adresse de notre atelier ou directement \u00e0 notre atelier.<\/p>\n<\/div><\/div><\/div><\/div><\/div>\n","protected":false},"excerpt":{"rendered":"","protected":false},"author":2,"featured_media":0,"parent":0,"menu_order":0,"comment_status":"closed","ping_status":"closed","template":"","meta":{"_seopress_robots_primary_cat":"","_seopress_titles_title":"","_seopress_titles_desc":"","_seopress_robots_index":"","footnotes":""},"class_list":["post-21315","page","type-page","status-publish","hentry"],"_links":{"self":[{"href":"https:\/\/ga-oh.com\/en\/wp-json\/wp\/v2\/pages\/21315","targetHints":{"allow":["GET"]}}],"collection":[{"href":"https:\/\/ga-oh.com\/en\/wp-json\/wp\/v2\/pages"}],"about":[{"href":"https:\/\/ga-oh.com\/en\/wp-json\/wp\/v2\/types\/page"}],"author":[{"embeddable":true,"href":"https:\/\/ga-oh.com\/en\/wp-json\/wp\/v2\/users\/2"}],"replies":[{"embeddable":true,"href":"https:\/\/ga-oh.com\/en\/wp-json\/wp\/v2\/comments?post=21315"}],"version-history":[{"count":0,"href":"https:\/\/ga-oh.com\/en\/wp-json\/wp\/v2\/pages\/21315\/revisions"}],"wp:attachment":[{"href":"https:\/\/ga-oh.com\/en\/wp-json\/wp\/v2\/media?parent=21315"}],"curies":[{"name":"wp","href":"https:\/\/api.w.org\/{rel}","templated":true}]}}